{"id":4132,"date":"2019-09-19T18:21:46","date_gmt":"2019-09-19T16:21:46","guid":{"rendered":"http:\/\/ask.almargen.de\/?page_id=4132"},"modified":"2025-07-10T11:37:03","modified_gmt":"2025-07-10T09:37:03","slug":"friedensprozess","status":"publish","type":"page","link":"https:\/\/kolko.net\/askonline\/themen\/frieden\/friedensprozess","title":{"rendered":"Friedensprozess"},"content":{"rendered":"<p>[et_pb_section fb_built=&#8220;1&#8243; admin_label=&#8220;Header&#8220; _builder_version=&#8220;4.16&#8243; background_enable_image=&#8220;off&#8220; custom_margin=&#8220;25px||||false|false&#8220; custom_padding=&#8220;0vw||0||false|false&#8220; locked=&#8220;off&#8220; global_colors_info=&#8220;{}&#8220; background_color_gradient_start__hover=&#8220;#2b87da&#8220; background_color_gradient_start__hover_enabled=&#8220;#2b87da&#8220; background_color_gradient_end__hover=&#8220;#29c4a9&#8243; background_color_gradient_end__hover_enabled=&#8220;#29c4a9&#8243; use_background_color_gradient__hover=&#8220;off&#8220; use_background_color_gradient__hover_enabled=&#8220;off&#8220; background_color_gradient_type__hover=&#8220;linear&#8220; background_color_gradient_type__hover_enabled=&#8220;linear&#8220; background_color_gradient_direction__hover=&#8220;180deg&#8220; background_color_gradient_direction__hover_enabled=&#8220;180deg&#8220; background_color_gradient_direction_radial__hover=&#8220;center&#8220; background_color_gradient_direction_radial__hover_enabled=&#8220;center&#8220; background_color_gradient_start_position__hover=&#8220;0%&#8220; background_color_gradient_start_position__hover_enabled=&#8220;0%&#8220; background_color_gradient_end_position__hover=&#8220;100%&#8220; background_color_gradient_end_position__hover_enabled=&#8220;100%&#8220; background_color_gradient_overlays_image__hover=&#8220;off&#8220; background_color_gradient_overlays_image__hover_enabled=&#8220;off&#8220; background_color_gradient_stops__hover=&#8220;#2b87da 0%|#29c4a9 100%&#8220;][et_pb_row _builder_version=&#8220;4.16&#8243; use_background_color_gradient=&#8220;on&#8220; background_color_gradient_type=&#8220;circular&#8220; background_color_gradient_stops=&#8220;rgba(165,206,199,0.6) 0%|#151f33 100%&#8220; background_color_gradient_overlays_image=&#8220;on&#8220; background_color_gradient_start=&#8220;rgba(165,206,199,0.6)&#8220; background_color_gradient_end=&#8220;#151f33&#8243; background_enable_image=&#8220;off&#8220; max_width=&#8220;960px&#8220; custom_margin=&#8220;||40px|0px&#8220; custom_padding=&#8220;27px|55px||10%|false|false&#8220; animation_style=&#8220;slide&#8220; animation_direction=&#8220;left&#8220; animation_intensity_slide=&#8220;2%&#8220; border_radii=&#8220;||6px|6px|&#8220; border_color_all=&#8220;rgba(0,0,0,0)&#8220; border_width_right=&#8220;30px&#8220; border_color_right=&#8220;rgba(224,153,0,0.66)&#8220; box_shadow_style=&#8220;preset3&#8243; box_shadow_vertical=&#8220;35px&#8220; box_shadow_blur=&#8220;70px&#8220; box_shadow_spread=&#8220;-35px&#8220; box_shadow_color=&#8220;rgba(0,0,0,0.6)&#8220; use_custom_width=&#8220;on&#8220; custom_width_px=&#8220;960px&#8220; global_colors_info=&#8220;{}&#8220; use_background_color_gradient__hover=&#8220;off&#8220; use_background_color_gradient__hover_enabled=&#8220;off&#8220; background_color_gradient_start__hover=&#8220;#2b87da&#8220; background_color_gradient_start__hover_enabled=&#8220;#2b87da&#8220; background_color_gradient_end__hover=&#8220;#29c4a9&#8243; background_color_gradient_end__hover_enabled=&#8220;#29c4a9&#8243; background_color_gradient_type__hover=&#8220;linear&#8220; background_color_gradient_type__hover_enabled=&#8220;linear&#8220; background_color_gradient_direction__hover=&#8220;180deg&#8220; background_color_gradient_direction__hover_enabled=&#8220;180deg&#8220; background_color_gradient_direction_radial__hover=&#8220;center&#8220; background_color_gradient_direction_radial__hover_enabled=&#8220;center&#8220; background_color_gradient_start_position__hover=&#8220;0%&#8220; background_color_gradient_start_position__hover_enabled=&#8220;0%&#8220; background_color_gradient_end_position__hover=&#8220;100%&#8220; background_color_gradient_end_position__hover_enabled=&#8220;100%&#8220; background_color_gradient_overlays_image__hover=&#8220;off&#8220; background_color_gradient_overlays_image__hover_enabled=&#8220;off&#8220; background_color_gradient_stops__hover=&#8220;#2b87da 0%|#29c4a9 100%&#8220;][et_pb_column type=&#8220;4_4&#8243; _builder_version=&#8220;4.16&#8243; custom_padding=&#8220;|||&#8220; custom_padding_tablet=&#8220;|||10%&#8220; custom_padding_last_edited=&#8220;off|desktop&#8220; global_colors_info=&#8220;{}&#8220; custom_padding__hover=&#8220;|||&#8220;][et_pb_text admin_label=&#8220;\u00dcberschrift&#8220; _builder_version=&#8220;4.16&#8243; text_font=&#8220;Noto Serif||||||||&#8220; header_font=&#8220;Noto Serif||||||||&#8220; header_text_align=&#8220;center&#8220; header_font_size=&#8220;50px&#8220; header_line_height=&#8220;1.2em&#8220; header_4_font=&#8220;||||||||&#8220; background_layout=&#8220;dark&#8220; custom_margin=&#8220;|||&#8220; custom_padding=&#8220;0px|||||&#8220; header_font_size_tablet=&#8220;40px&#8220; header_font_size_phone=&#8220;20px&#8220; header_font_size_last_edited=&#8220;on|tablet&#8220; global_colors_info=&#8220;{}&#8220;]<\/p>\n<h1>Friedensprozess<\/h1>\n<p>[\/et_pb_text][\/et_pb_column][\/et_pb_row][\/et_pb_section][et_pb_section fb_built=&#8220;1&#8243; custom_padding_last_edited=&#8220;on|tablet&#8220; admin_label=&#8220;Themen&#8220; _builder_version=&#8220;4.16&#8243; min_height=&#8220;1031px&#8220; custom_margin=&#8220;80px||||false|false&#8220; custom_padding=&#8220;0|0px|0px|0px|false|false&#8220; custom_padding_tablet=&#8220;|10vw||10vw||true&#8220; custom_padding_phone=&#8220;&#8220; custom_width_px__hover=&#8220;1080px&#8220; custom_width_px__hover_enabled=&#8220;1080px&#8220; custom_width_percent__hover=&#8220;80%&#8220; custom_width_percent__hover_enabled=&#8220;80%&#8220; locked=&#8220;off&#8220; global_colors_info=&#8220;{}&#8220; parallax_1__hover=&#8220;off&#8220; parallax_1__hover_enabled=&#8220;off&#8220; parallax_2__hover=&#8220;off&#8220; parallax_2__hover_enabled=&#8220;off&#8220; parallax_3__hover=&#8220;off&#8220; parallax_3__hover_enabled=&#8220;off&#8220; parallax_method_1__hover=&#8220;on&#8220; parallax_method_1__hover_enabled=&#8220;on&#8220; parallax_method_2__hover=&#8220;on&#8220; parallax_method_2__hover_enabled=&#8220;on&#8220; parallax_method_3__hover=&#8220;on&#8220; parallax_method_3__hover_enabled=&#8220;on&#8220; use_background_color_gradient__hover=&#8220;off&#8220; use_background_color_gradient__hover_enabled=&#8220;off&#8220; background_color_gradient_start__hover=&#8220;#2b87da&#8220; background_color_gradient_start__hover_enabled=&#8220;#2b87da&#8220; background_color_gradient_end__hover=&#8220;#29c4a9&#8243; background_color_gradient_end__hover_enabled=&#8220;#29c4a9&#8243; background_color_gradient_type__hover=&#8220;linear&#8220; background_color_gradient_type__hover_enabled=&#8220;linear&#8220; background_color_gradient_direction__hover=&#8220;180deg&#8220; background_color_gradient_direction__hover_enabled=&#8220;180deg&#8220; background_color_gradient_direction_radial__hover=&#8220;center&#8220; background_color_gradient_direction_radial__hover_enabled=&#8220;center&#8220; background_color_gradient_start_position__hover=&#8220;0%&#8220; background_color_gradient_start_position__hover_enabled=&#8220;0%&#8220; background_color_gradient_end_position__hover=&#8220;100%&#8220; background_color_gradient_end_position__hover_enabled=&#8220;100%&#8220; background_color_gradient_overlays_image__hover=&#8220;off&#8220; background_color_gradient_overlays_image__hover_enabled=&#8220;off&#8220; parallax__hover=&#8220;off&#8220; parallax__hover_enabled=&#8220;off&#8220; parallax_method__hover=&#8220;on&#8220; parallax_method__hover_enabled=&#8220;on&#8220; background_size__hover=&#8220;cover&#8220; background_size__hover_enabled=&#8220;cover&#8220; background_position__hover=&#8220;center&#8220; background_position__hover_enabled=&#8220;center&#8220; background_repeat__hover=&#8220;no-repeat&#8220; background_repeat__hover_enabled=&#8220;no-repeat&#8220; background_blend__hover=&#8220;normal&#8220; background_blend__hover_enabled=&#8220;normal&#8220; allow_player_pause__hover=&#8220;off&#8220; allow_player_pause__hover_enabled=&#8220;off&#8220; background_video_pause_outside_viewport__hover=&#8220;on&#8220; background_video_pause_outside_viewport__hover_enabled=&#8220;on&#8220; inner_shadow__hover=&#8220;off&#8220; inner_shadow__hover_enabled=&#8220;off&#8220; make_fullwidth__hover=&#8220;off&#8220; make_fullwidth__hover_enabled=&#8220;off&#8220; use_custom_width__hover=&#8220;off&#8220; use_custom_width__hover_enabled=&#8220;off&#8220; width_unit__hover=&#8220;on&#8220; width_unit__hover_enabled=&#8220;on&#8220; make_equal__hover=&#8220;off&#8220; make_equal__hover_enabled=&#8220;off&#8220; use_custom_gutter__hover=&#8220;off&#8220; use_custom_gutter__hover_enabled=&#8220;off&#8220; border_radii__hover=&#8220;on||||&#8220; border_radii__hover_enabled=&#8220;on||||&#8220; box_shadow_style__hover=&#8220;none&#8220; box_shadow_style__hover_enabled=&#8220;none&#8220; box_shadow_color__hover=&#8220;rgba(0,0,0,0.3)&#8220; box_shadow_color__hover_enabled=&#8220;rgba(0,0,0,0.3)&#8220; max_width__hover=&#8220;100%&#8220; max_width__hover_enabled=&#8220;100%&#8220; filter_hue_rotate__hover=&#8220;0deg&#8220; filter_hue_rotate__hover_enabled=&#8220;0deg&#8220; filter_saturate__hover=&#8220;100%&#8220; filter_saturate__hover_enabled=&#8220;100%&#8220; filter_brightness__hover=&#8220;100%&#8220; filter_brightness__hover_enabled=&#8220;100%&#8220; filter_contrast__hover=&#8220;100%&#8220; filter_contrast__hover_enabled=&#8220;100%&#8220; filter_invert__hover=&#8220;0%&#8220; filter_invert__hover_enabled=&#8220;0%&#8220; filter_sepia__hover=&#8220;0%&#8220; filter_sepia__hover_enabled=&#8220;0%&#8220; filter_opacity__hover=&#8220;100%&#8220; filter_opacity__hover_enabled=&#8220;100%&#8220; filter_blur__hover=&#8220;0px&#8220; filter_blur__hover_enabled=&#8220;0px&#8220; mix_blend_mode__hover=&#8220;normal&#8220; mix_blend_mode__hover_enabled=&#8220;normal&#8220; animation_style__hover=&#8220;none&#8220; animation_style__hover_enabled=&#8220;none&#8220; animation_repeat__hover=&#8220;once&#8220; animation_repeat__hover_enabled=&#8220;once&#8220; animation_direction__hover=&#8220;center&#8220; animation_direction__hover_enabled=&#8220;center&#8220; animation_duration__hover=&#8220;1000ms&#8220; animation_duration__hover_enabled=&#8220;1000ms&#8220; animation_delay__hover=&#8220;0ms&#8220; animation_delay__hover_enabled=&#8220;0ms&#8220; animation_intensity_slide__hover=&#8220;50%&#8220; animation_intensity_slide__hover_enabled=&#8220;50%&#8220; animation_intensity_zoom__hover=&#8220;50%&#8220; animation_intensity_zoom__hover_enabled=&#8220;50%&#8220; animation_intensity_flip__hover=&#8220;50%&#8220; animation_intensity_flip__hover_enabled=&#8220;50%&#8220; animation_intensity_fold__hover=&#8220;50%&#8220; animation_intensity_fold__hover_enabled=&#8220;50%&#8220; animation_intensity_roll__hover=&#8220;50%&#8220; animation_intensity_roll__hover_enabled=&#8220;50%&#8220; animation_starting_opacity__hover=&#8220;0%&#8220; animation_starting_opacity__hover_enabled=&#8220;0%&#8220; animation_speed_curve__hover=&#8220;ease-in-out&#8220; animation_speed_curve__hover_enabled=&#8220;ease-in-out&#8220; hover_transition_duration__hover=&#8220;300ms&#8220; hover_transition_duration__hover_enabled=&#8220;300ms&#8220; hover_transition_delay__hover=&#8220;0ms&#8220; hover_transition_delay__hover_enabled=&#8220;0ms&#8220; hover_transition_speed_curve__hover=&#8220;ease&#8220; hover_transition_speed_curve__hover_enabled=&#8220;ease&#8220; background_color_gradient_stops__hover=&#8220;#2b87da 0%|#29c4a9 100%&#8220;][et_pb_row padding_top_bottom_link_1=&#8220;false&#8220; _builder_version=&#8220;4.16&#8243; width=&#8220;100%&#8220; max_width=&#8220;100%&#8220; module_alignment=&#8220;right&#8220; custom_padding=&#8220;0px||0px||true|false&#8220; use_custom_width=&#8220;on&#8220; width_unit=&#8220;off&#8220; custom_width_percent=&#8220;100%&#8220; global_colors_info=&#8220;{}&#8220;][et_pb_column type=&#8220;4_4&#8243; _builder_version=&#8220;4.16&#8243; custom_padding=&#8220;4vw|||10vw&#8220; custom_padding_tablet=&#8220;|0px||0px|true|true&#8220; custom_padding_phone=&#8220;&#8220; custom_padding_last_edited=&#8220;on|tablet&#8220; global_colors_info=&#8220;{}&#8220; custom_padding__hover=&#8220;|||&#8220;][et_pb_divider color=&#8220;#FFBA5A&#8220; divider_weight=&#8220;3px&#8220; _builder_version=&#8220;4.16&#8243; max_width=&#8220;80px&#8220; height=&#8220;3px&#8220; custom_margin=&#8220;-50px||||false|false&#8220; custom_padding=&#8220;||||false|false&#8220; locked=&#8220;off&#8220; global_colors_info=&#8220;{}&#8220;]<br \/>\n[\/et_pb_divider][et_pb_text _builder_version=&#8220;4.16&#8243; text_font=&#8220;Noto Serif||||||||&#8220; text_font_size=&#8220;16px&#8220; header_2_font=&#8220;||||||||&#8220; custom_margin=&#8220;50px|||||&#8220; custom_padding=&#8220;0px||0px|||&#8220; text_font_size_tablet=&#8220;14px&#8220; text_font_size_phone=&#8220;&#8220; text_font_size_last_edited=&#8220;on|tablet&#8220; locked=&#8220;off&#8220; global_colors_info=&#8220;{}&#8220;]Am 19. November 2012 begann in La Habana, Kuba der Friedensdialog zwischen der kolumbianischen Regierung und der FARC-EP. Bereits im August 2012 hatte Pr\u00e4sident Santos die Unterzeichnung eines Abkommens \u00fcber Friedensverhandlungen bekannt gegeben. Dem Abkommen waren monatelange geheime Sondierungsgespr\u00e4che vorausgegangen. Diese Gespr\u00e4che konnten im November 2016 mit der Ratifizierung eines umfassenden Friedensabkommens zwischen der Regierung Santos und der Guerilla der FARC abgeschlossen werden, die FARC demobilisierte sich bis auf wenige dissidente Gruppen vollst\u00e4ndig.<\/p>\n<p>Anfang 2017 nahm Pr\u00e4sident Santos auch Friedensgespr\u00e4che mit dem ELN auf, die jedoch nur bescheidene Fortschritte erzielten. Ein l\u00e4ngerer Waffenstillstand Ende 2017 weckte Hoffnung, wurde im Januar 2018 aber nicht verl\u00e4ngert. Trotzdem \u00fcbergab Santos seinem Nachfolger Ivan Duque einen Prozess mit einer recht vollst\u00e4ndigen Agenda, einer Begleitgruppe an L\u00e4ndern und ersten \u00dcbereinkommen dar\u00fcber, wie verhandelt werden soll. Ivan Duque stellte diese bisherigen \u00dcbereinkommen in Frage, stellte unrealistische Vorbedingungen an das ELN und brach die Verhandlungen nach einem Anschlag des ELN auf eine Polizeischule in Bogot\u00e1 am 17. Januar 2019 ab. Seither ist es nicht zu einer Wiederaufnahme der Gespr\u00e4che gekommen.<\/p>\n<p>&nbsp;<\/p>\n<p>[\/et_pb_text][\/et_pb_column][\/et_pb_row][et_pb_row _builder_version=&#8220;4.16&#8243; custom_margin=&#8220;2px|auto||auto|false|false&#8220; custom_padding=&#8220;50px||||false|false&#8220; global_colors_info=&#8220;{}&#8220;][et_pb_column type=&#8220;4_4&#8243; _builder_version=&#8220;4.16&#8243; custom_padding=&#8220;|||&#8220; global_colors_info=&#8220;{}&#8220; custom_padding__hover=&#8220;|||&#8220;][et_pb_divider color=&#8220;#FFBA5A&#8220; divider_weight=&#8220;3px&#8220; _builder_version=&#8220;4.16&#8243; max_width=&#8220;80px&#8220; module_alignment=&#8220;left&#8220; height=&#8220;3px&#8220; locked=&#8220;off&#8220; global_colors_info=&#8220;{}&#8220;]<br \/>\n[\/et_pb_divider][et_pb_blog fullwidth=&#8220;off&#8220; posts_number=&#8220;3&#8243; include_categories=&#8220;21&#8243; show_author=&#8220;off&#8220; show_categories=&#8220;off&#8220; show_pagination=&#8220;off&#8220; admin_label=&#8220;Beitr\u00e4ge&#8220; _builder_version=&#8220;4.16&#8243; header_font=&#8220;|700||on|||||&#8220; header_font_size=&#8220;14px&#8220; header_letter_spacing=&#8220;1px&#8220; header_line_height=&#8220;1.8em&#8220; meta_font=&#8220;|600|||||||&#8220; meta_text_color=&#8220;rgba(85,103,127,0.5)&#8220; meta_line_height=&#8220;2em&#8220; min_height=&#8220;619px&#8220; custom_margin=&#8220;50px|||||&#8220; border_radii=&#8220;on|10px|10px|10px|10px&#8220; border_width_all=&#8220;0px&#8220; box_shadow_style=&#8220;preset3&#8243; box_shadow_vertical=&#8220;32px&#8220; box_shadow_blur=&#8220;80px&#8220; box_shadow_spread=&#8220;-16px&#8220; box_shadow_color=&#8220;rgba(85,103,127,0.3)&#8220; locked=&#8220;off&#8220; global_colors_info=&#8220;{}&#8220;]<br \/>\n[\/et_pb_blog][\/et_pb_column][\/et_pb_row][et_pb_row _builder_version=&#8220;4.16&#8243; background_color=&#8220;#55677f&#8220; global_colors_info=&#8220;{}&#8220;][et_pb_column type=&#8220;4_4&#8243; _builder_version=&#8220;4.16&#8243; background_enable_image=&#8220;off&#8220; global_colors_info=&#8220;{}&#8220;][et_pb_cta button_url=&#8220;\/askonline\/category\/themen\/frieden\/friedensprozess&#8220; button_text=&#8220;Alle Beitr\u00e4ge ansehen&#8220; _builder_version=&#8220;4.27.4&#8243; header_font=&#8220;Noto Sans||||||||&#8220; body_font=&#8220;Noto Sans||||||||&#8220; background_enable_color=&#8220;off&#8220; use_background_color=&#8220;off&#8220; custom_button=&#8220;on&#8220; button_text_size=&#8220;22px&#8220; button_text_color=&#8220;#ffffff&#8220; button_bg_color=&#8220;rgba(0,0,0,0)&#8220; button_border_width=&#8220;0px&#8220; button_border_color=&#8220;rgba(0,0,0,0)&#8220; button_font=&#8220;Noto Serif||||||||&#8220; width=&#8220;100%&#8220; max_width=&#8220;100%&#8220; module_alignment=&#8220;center&#8220; custom_margin=&#8220;||||false|true&#8220; custom_padding=&#8220;||9px||false|false&#8220; hover_enabled=&#8220;0&#8243; border_color_all=&#8220;#ffffff&#8220; global_colors_info=&#8220;{}&#8220; sticky_enabled=&#8220;0&#8243;][\/et_pb_cta][\/et_pb_column][\/et_pb_row][\/et_pb_section]<\/p>\n","protected":false},"excerpt":{"rendered":"<p>Friedensprozess Am 19. November 2012 begann in La Habana, Kuba der Friedensdialog zwischen der kolumbianischen Regierung und der FARC-EP. Bereits im August 2012 hatte Pr\u00e4sident Santos die Unterzeichnung eines Abkommens \u00fcber Friedensverhandlungen bekannt gegeben. Dem Abkommen waren monatelange geheime Sondierungsgespr\u00e4che vorausgegangen. Diese Gespr\u00e4che konnten im November 2016 mit der Ratifizierung eines umfassenden Friedensabkommens zwischen der [&hellip;]<\/p>\n","protected":false},"author":1,"featured_media":0,"parent":403,"menu_order":0,"comment_status":"closed","ping_status":"closed","template":"","meta":{"_et_pb_use_builder":"on","_et_pb_old_content":"<!-- wp:divi\/placeholder \/-->","_et_gb_content_width":"","footnotes":""},"class_list":["post-4132","page","type-page","status-publish","hentry"],"_links":{"self":[{"href":"https:\/\/kolko.net\/askonline\/wp-json\/wp\/v2\/pages\/4132","targetHints":{"allow":["GET"]}}],"collection":[{"href":"https:\/\/kolko.net\/askonline\/wp-json\/wp\/v2\/pages"}],"about":[{"href":"https:\/\/kolko.net\/askonline\/wp-json\/wp\/v2\/types\/page"}],"author":[{"embeddable":true,"href":"https:\/\/kolko.net\/askonline\/wp-json\/wp\/v2\/users\/1"}],"replies":[{"embeddable":true,"href":"https:\/\/kolko.net\/askonline\/wp-json\/wp\/v2\/comments?post=4132"}],"version-history":[{"count":14,"href":"https:\/\/kolko.net\/askonline\/wp-json\/wp\/v2\/pages\/4132\/revisions"}],"predecessor-version":[{"id":9351,"href":"https:\/\/kolko.net\/askonline\/wp-json\/wp\/v2\/pages\/4132\/revisions\/9351"}],"up":[{"embeddable":true,"href":"https:\/\/kolko.net\/askonline\/wp-json\/wp\/v2\/pages\/403"}],"wp:attachment":[{"href":"https:\/\/kolko.net\/askonline\/wp-json\/wp\/v2\/media?parent=4132"}],"curies":[{"name":"wp","href":"https:\/\/api.w.org\/{rel}","templated":true}]}}